{"id":2,"date":"2026-01-08T04:19:09","date_gmt":"2026-01-08T07:19:09","guid":{"rendered":"https:\/\/it.betavagas.com\/?page_id=2"},"modified":"2026-02-05T14:16:39","modified_gmt":"2026-02-05T17:16:39","slug":"chi-siamo","status":"publish","type":"page","link":"https:\/\/esp.betavagas.com\/?page_id=2","title":{"rendered":"Chi siamo"},"content":{"rendered":"\n<p><strong>IT Betavagas<\/strong> \u00e8 un portale digitale creato per chi cerca informazioni di qualit\u00e0 su <strong>finanza, investimenti, curiosit\u00e0 e notizie<\/strong> che influenzano la vita quotidiana e il futuro finanziario delle persone.<\/p>\n\n\n\n<p>La nostra missione \u00e8 <strong>semplificare temi complessi<\/strong>, trasformare le informazioni in conoscenza pratica e aiutare i nostri lettori a prendere decisioni pi\u00f9 consapevoli \u2014 sia per gestire meglio le finanze personali, comprendere il mondo degli investimenti o seguire le principali novit\u00e0 del mercato e dell\u2019economia.<\/p>\n\n\n\n<p>Produciamo <strong>articoli, guide, consigli e contenuti informativi<\/strong> con un linguaggio chiaro, accessibile e diretto, unendo sempre <strong>credibilit\u00e0, utilit\u00e0 e aggiornamento costante<\/strong>. Crediamo che informazioni ben spiegate generino autonomia, crescita e opportunit\u00e0.<\/p>\n\n\n\n<p>IT Betavagas nasce con l\u2019impegno di:<\/p>\n\n\n\n<ul class=\"wp-block-list\">\n<li>Offrire <strong>contenuti affidabili e rilevanti<\/strong><\/li>\n\n\n\n<li>Aiutare le persone a <strong>comprendere meglio il denaro e il mercato<\/strong><\/li>\n\n\n\n<li>Promuovere l\u2019<strong>educazione finanziaria<\/strong><\/li>\n\n\n\n<li>Presentare curiosit\u00e0 e notizie che ampliano la visione sul mondo<\/li>\n<\/ul>\n\n\n\n<p>Siamo appassionati di conoscenza, tecnologia e informazione di qualit\u00e0. Lavoriamo ogni giorno affinch\u00e9 <strong>IT Betavagas<\/strong> diventi un punto di riferimento nei contenuti informativi, aiutandoti a rimanere aggiornato, imparare di pi\u00f9 ed evolvere finanziariamente.<\/p>\n\n\n\n<p><strong>IT Betavagas \u2014 informazione che connette, orienta e trasforma.<\/strong><\/p>\n","protected":false},"excerpt":{"rendered":"<p>IT Betavagas \u00e8 un portale digitale creato per chi cerca informazioni di qualit\u00e0 su finanza, investimenti, curiosit\u00e0 e notizie che influenzano la vita quotidiana e il futuro finanziario delle persone. La nostra missione \u00e8 semplificare temi complessi, trasformare le informazioni in conoscenza pratica e aiutare i nostri lettori a prendere decisioni pi\u00f9 consapevoli \u2014 sia [&hellip;]<\/p>\n","protected":false},"author":1,"featured_media":0,"parent":0,"menu_order":0,"comment_status":"closed","ping_status":"closed","template":"","meta":{"footnotes":""},"class_list":["post-2","page","type-page","status-publish","hentry"],"_links":{"self":[{"href":"https:\/\/esp.betavagas.com\/index.php?rest_route=\/wp\/v2\/pages\/2","targetHints":{"allow":["GET"]}}],"collection":[{"href":"https:\/\/esp.betavagas.com\/index.php?rest_route=\/wp\/v2\/pages"}],"about":[{"href":"https:\/\/esp.betavagas.com\/index.php?rest_route=\/wp\/v2\/types\/page"}],"author":[{"embeddable":true,"href":"https:\/\/esp.betavagas.com\/index.php?rest_route=\/wp\/v2\/users\/1"}],"replies":[{"embeddable":true,"href":"https:\/\/esp.betavagas.com\/index.php?rest_route=%2Fwp%2Fv2%2Fcomments&post=2"}],"version-history":[{"count":1,"href":"https:\/\/esp.betavagas.com\/index.php?rest_route=\/wp\/v2\/pages\/2\/revisions"}],"predecessor-version":[{"id":76,"href":"https:\/\/esp.betavagas.com\/index.php?rest_route=\/wp\/v2\/pages\/2\/revisions\/76"}],"wp:attachment":[{"href":"https:\/\/esp.betavagas.com\/index.php?rest_route=%2Fwp%2Fv2%2Fmedia&parent=2"}],"curies":[{"name":"wp","href":"https:\/\/api.w.org\/{rel}","templated":true}]}}