{"id":3,"date":"2026-01-08T04:19:09","date_gmt":"2026-01-08T07:19:09","guid":{"rendered":"https:\/\/it.betavagas.com\/?page_id=3"},"modified":"2026-02-05T14:13:54","modified_gmt":"2026-02-05T17:13:54","slug":"politica-sulla-riservatezza","status":"publish","type":"page","link":"https:\/\/esp.betavagas.com\/?page_id=3","title":{"rendered":"politica sulla riservatezza"},"content":{"rendered":"\n<p><strong>Informativa sulla Privacy<\/strong><\/p>\n\n\n\n<p><strong>La tua privacy \u00e8 importante per noi.<\/strong> \u00c8 politica di It Beta Vagas rispettare la tua privacy riguardo a qualsiasi informazione personale che possiamo raccogliere sul sito <strong>It Beta Vagas<\/strong> (https:\/\/esp.betavagas.com\/), nonch\u00e9 su altri siti che possediamo e gestiamo.<\/p>\n\n\n\n<p>Richiediamo informazioni personali solo quando ne abbiamo veramente bisogno per fornirti un servizio. Lo facciamo in modo equo e legale, con la tua conoscenza e il tuo consenso. Ti informiamo anche sul motivo per cui le stiamo raccogliendo e su come verranno utilizzate.<\/p>\n\n\n\n<p>Conserviamo le informazioni raccolte solo per il tempo necessario a fornire il servizio richiesto. Quando memorizziamo i dati, li proteggiamo con mezzi commercialmente accettabili per prevenire perdite, furti, nonch\u00e9 accessi, divulgazioni, copie, usi o modifiche non autorizzati.<\/p>\n\n\n\n<p>Non condividiamo informazioni di identificazione personale pubblicamente o con terzi, salvo quando richiesto dalla legge.<\/p>\n\n\n\n<p>Il nostro sito pu\u00f2 contenere link a siti esterni che non sono gestiti da noi. Tieni presente che non abbiamo alcun controllo sul contenuto e sulle pratiche di questi siti e non possiamo assumerci alcuna responsabilit\u00e0 per le rispettive <strong>politiche sulla privacy<\/strong>.<\/p>\n\n\n\n<p>Sei libero di rifiutare la nostra richiesta di informazioni personali, comprendendo che potremmo non essere in grado di fornirti alcuni dei servizi desiderati.<\/p>\n\n\n\n<p>L&#8217;uso continuato del nostro sito sar\u00e0 considerato come accettazione delle nostre pratiche relative alla privacy e alle informazioni personali. Se hai domande su come gestiamo i dati degli utenti e le informazioni personali, contattaci.<\/p>\n\n\n\n<ul class=\"wp-block-list\">\n<li>Il servizio <strong>Google AdSense<\/strong> che utilizziamo per mostrare pubblicit\u00e0 impiega un cookie DoubleClick per visualizzare annunci pi\u00f9 pertinenti sul Web e limitare il numero di volte in cui un determinato annuncio viene mostrato a te.<\/li>\n\n\n\n<li>Per ulteriori informazioni su Google AdSense, consulta le FAQ ufficiali sulla privacy di Google AdSense.<\/li>\n\n\n\n<li>Utilizziamo la pubblicit\u00e0 per compensare i costi di gestione di questo sito e finanziare futuri sviluppi. I cookie di pubblicit\u00e0 comportamentale utilizzati da questo sito sono progettati per garantire che ti vengano forniti gli annunci pi\u00f9 rilevanti possibili, tracciando in modo anonimo i tuoi interessi e presentandoti contenuti simili che potrebbero interessarti.<\/li>\n\n\n\n<li>Diversi partner pubblicitari inseriscono annunci per nostro conto e i cookie di tracciamento degli affiliati ci permettono semplicemente di verificare se i nostri clienti hanno raggiunto il sito tramite uno dei siti dei nostri partner, in modo da poterli accreditare correttamente e, ove applicabile, consentire ai nostri partner affiliati di offrire eventuali promozioni che potrebbero averti spinto a effettuare un acquisto.<\/li>\n<\/ul>\n\n\n\n<p><strong>Impegno dell&#8217;utente<\/strong><\/p>\n\n\n\n<p>L&#8217;utente si impegna a fare un uso appropriato dei contenuti e delle informazioni offerti da It Beta Vagas sul sito e, a titolo esemplificativo ma non esaustivo:<\/p>\n\n\n\n<ul class=\"wp-block-list\">\n<li><strong>A)<\/strong> Non impegnarsi in attivit\u00e0 illegali o contrarie alla buona fede e all&#8217;ordine pubblico;<\/li>\n\n\n\n<li><strong>B)<\/strong> Non diffondere propaganda o contenuti di natura razzista, xenofoba, relativi a giochi d&#8217;azzardo, pornografia illegale, apologia del terrorismo o contrari ai diritti umani;<\/li>\n\n\n\n<li><strong>C)<\/strong> Non causare danni ai sistemi fisici (hardware) e logici (software) di It Beta Vagas, dei suoi fornitori o di terzi, n\u00e9 introdurre o diffondere virus informatici o qualsiasi altro sistema hardware o software in grado di causare i danni sopra menzionati.<\/li>\n<\/ul>\n\n\n\n<p><strong>Maggiori informazioni<\/strong><\/p>\n\n\n\n<p>Speriamo che tutto sia chiaro e, come gi\u00e0 detto in precedenza, se c&#8217;\u00e8 qualcosa di cui non sei sicuro se sia necessario o meno, di solito \u00e8 pi\u00f9 sicuro lasciare i cookie attivati, nel caso in cui interagisca con una delle funzionalit\u00e0 che utilizzi sul nostro sito.<\/p>\n\n\n\n<p>Questa informativa \u00e8 efficace a partire dal <strong>5 febbraio 2026 alle 17:13<\/strong>.<\/p>\n","protected":false},"excerpt":{"rendered":"<p>Informativa sulla Privacy La tua privacy \u00e8 importante per noi. \u00c8 politica di It Beta Vagas rispettare la tua privacy riguardo a qualsiasi informazione personale che possiamo raccogliere sul sito It Beta Vagas (https:\/\/esp.betavagas.com\/), nonch\u00e9 su altri siti che possediamo e gestiamo. Richiediamo informazioni personali solo quando ne abbiamo veramente bisogno per fornirti un servizio. [&hellip;]<\/p>\n","protected":false},"author":1,"featured_media":0,"parent":0,"menu_order":0,"comment_status":"closed","ping_status":"closed","template":"","meta":{"footnotes":""},"class_list":["post-3","page","type-page","status-publish","hentry"],"_links":{"self":[{"href":"https:\/\/esp.betavagas.com\/index.php?rest_route=\/wp\/v2\/pages\/3","targetHints":{"allow":["GET"]}}],"collection":[{"href":"https:\/\/esp.betavagas.com\/index.php?rest_route=\/wp\/v2\/pages"}],"about":[{"href":"https:\/\/esp.betavagas.com\/index.php?rest_route=\/wp\/v2\/types\/page"}],"author":[{"embeddable":true,"href":"https:\/\/esp.betavagas.com\/index.php?rest_route=\/wp\/v2\/users\/1"}],"replies":[{"embeddable":true,"href":"https:\/\/esp.betavagas.com\/index.php?rest_route=%2Fwp%2Fv2%2Fcomments&post=3"}],"version-history":[{"count":2,"href":"https:\/\/esp.betavagas.com\/index.php?rest_route=\/wp\/v2\/pages\/3\/revisions"}],"predecessor-version":[{"id":72,"href":"https:\/\/esp.betavagas.com\/index.php?rest_route=\/wp\/v2\/pages\/3\/revisions\/72"}],"wp:attachment":[{"href":"https:\/\/esp.betavagas.com\/index.php?rest_route=%2Fwp%2Fv2%2Fmedia&parent=3"}],"curies":[{"name":"wp","href":"https:\/\/api.w.org\/{rel}","templated":true}]}}