{"id":73,"date":"2026-02-05T14:14:46","date_gmt":"2026-02-05T17:14:46","guid":{"rendered":"https:\/\/it.betavagas.com\/?page_id=73"},"modified":"2026-02-05T14:14:47","modified_gmt":"2026-02-05T17:14:47","slug":"termini-di-utilizzo","status":"publish","type":"page","link":"https:\/\/esp.betavagas.com\/?page_id=73","title":{"rendered":"Termini di utilizzo"},"content":{"rendered":"\n<p><strong>Termini di Utilizzo<\/strong><\/p>\n\n\n\n<p><strong>1. Termini<\/strong><\/p>\n\n\n\n<p>Accedendo al sito <strong>It Beta Vagas<\/strong> (https:\/\/esp.betavagas.com\/), l&#8217;utente accetta di rispettare i presenti termini di servizio, tutte le leggi e i regolamenti applicabili e riconosce di essere responsabile del rispetto di tutte le leggi locali pertinenti. Se non si accettano uno o pi\u00f9 di questi termini, \u00e8 vietato utilizzare o accedere a questo sito. I materiali contenuti in questo sito sono protetti dalle leggi applicabili in materia di diritto d&#8217;autore e marchi registrati.<\/p>\n\n\n\n<p><strong>2. Licenza d&#8217;uso<\/strong><\/p>\n\n\n\n<p>Viene concessa l&#8217;autorizzazione a scaricare temporaneamente una copia dei materiali (informazioni o software) presenti sul sito It Beta Vagas, esclusivamente per una visualizzazione transitoria, personale e non commerciale. Si tratta di una concessione di licenza e non di un trasferimento di propriet\u00e0. In virt\u00f9 di questa licenza, non \u00e8 consentito:<\/p>\n\n\n\n<ol class=\"wp-block-list\">\n<li>modificare o copiare i materiali;<\/li>\n\n\n\n<li>utilizzare i materiali per qualsiasi scopo commerciale o per esposizioni pubbliche (commerciali o non commerciali);<\/li>\n\n\n\n<li>tentare di decompilare o effettuare ingegneria inversa di qualsiasi software contenuto nel sito It Beta Vagas;<\/li>\n\n\n\n<li>rimuovere qualsiasi avviso di diritto d&#8217;autore o altre indicazioni di propriet\u00e0 dai materiali; oppure<\/li>\n\n\n\n<li>trasferire i materiali a terzi o \u201cspecchiare\u201d i materiali su qualsiasi altro server.<\/li>\n<\/ol>\n\n\n\n<p>Questa licenza terminer\u00e0 automaticamente in caso di violazione di una qualsiasi di queste restrizioni e potr\u00e0 essere revocata da It Beta Vagas in qualsiasi momento. Al termine della visualizzazione di tali materiali o allo scadere di questa licenza, l&#8217;utente dovr\u00e0 eliminare tutti i materiali scaricati in suo possesso, sia in formato elettronico che stampato.<\/p>\n\n\n\n<p><strong>3. Esclusione di responsabilit\u00e0<\/strong><\/p>\n\n\n\n<ol class=\"wp-block-list\">\n<li>I materiali presenti sul sito It Beta Vagas sono forniti \u201ccos\u00ec come sono\u201d. It Beta Vagas non presta garanzie, espresse o implicite, e con la presente esclude e nega tutte le altre garanzie, incluse, a titolo esemplificativo e non esaustivo, le garanzie implicite o le condizioni di commerciabilit\u00e0, idoneit\u00e0 per un determinato scopo o non violazione di diritti di propriet\u00e0 intellettuale o altra violazione di diritti.<\/li>\n\n\n\n<li>Inoltre, It Beta Vagas non garantisce n\u00e9 dichiara nulla in merito all&#8217;accuratezza, ai risultati probabili o all&#8217;affidabilit\u00e0 dell&#8217;uso dei materiali sul proprio sito o in relazione a tali materiali o a siti collegati a questo sito.<\/li>\n<\/ol>\n\n\n\n<p><strong>4. Limitazioni<\/strong><\/p>\n\n\n\n<p>In nessun caso It Beta Vagas o i suoi fornitori saranno responsabili per qualsiasi danno (inclusi, a titolo esemplificativo e non esaustivo, danni per perdita di dati o profitti, o per interruzione dell&#8217;attivit\u00e0) derivante dall&#8217;uso o dall&#8217;impossibilit\u00e0 di utilizzare i materiali di It Beta Vagas, anche qualora It Beta Vagas o un rappresentante autorizzato di It Beta Vagas sia stato informato, oralmente o per iscritto, della possibilit\u00e0 di tali danni. Poich\u00e9 alcune giurisdizioni non consentono limitazioni alle garanzie implicite o limitazioni di responsabilit\u00e0 per danni consequenziali o incidentali, tali limitazioni potrebbero non essere applicabili all&#8217;utente.<\/p>\n\n\n\n<p><strong>5. Accuratezza dei materiali<\/strong><\/p>\n\n\n\n<p>I materiali visualizzati sul sito It Beta Vagas possono contenere errori tecnici, tipografici o fotografici. It Beta Vagas non garantisce che qualsiasi materiale presente sul proprio sito sia accurato, completo o aggiornato. It Beta Vagas pu\u00f2 apportare modifiche ai materiali contenuti nel proprio sito in qualsiasi momento, senza preavviso. Tuttavia, It Beta Vagas non si impegna ad aggiornare i materiali.<\/p>\n\n\n\n<p><strong>6. Link<\/strong><\/p>\n\n\n\n<p>It Beta Vagas non ha esaminato tutti i siti collegati al proprio sito e non \u00e8 responsabile del contenuto di alcun sito collegato. L&#8217;inclusione di qualsiasi link non implica l&#8217;approvazione da parte di It Beta Vagas del sito in questione. L&#8217;uso di qualsiasi sito collegato avviene a esclusivo rischio e pericolo dell&#8217;utente.<\/p>\n\n\n\n<p><strong>Modifiche<\/strong><\/p>\n\n\n\n<p>It Beta Vagas pu\u00f2 rivedere i presenti termini di servizio del sito in qualsiasi momento, senza preavviso. Utilizzando questo sito, l&#8217;utente accetta di essere vincolato dalla versione pi\u00f9 recente di questi termini di servizio.<\/p>\n\n\n\n<p><strong>Legge applicabile<\/strong><\/p>\n\n\n\n<p>I presenti termini e condizioni sono regolati e interpretati in conformit\u00e0 alle leggi applicabili a It Beta Vagas, e l&#8217;utente si sottopone irrevocabilmente alla giurisdizione esclusiva dei tribunali dello Stato o della localit\u00e0 corrispondente.<\/p>\n","protected":false},"excerpt":{"rendered":"<p>Termini di Utilizzo 1. Termini Accedendo al sito It Beta Vagas (https:\/\/esp.betavagas.com\/), l&#8217;utente accetta di rispettare i presenti termini di servizio, tutte le leggi e i regolamenti applicabili e riconosce di essere responsabile del rispetto di tutte le leggi locali pertinenti. Se non si accettano uno o pi\u00f9 di questi termini, \u00e8 vietato utilizzare o [&hellip;]<\/p>\n","protected":false},"author":1,"featured_media":0,"parent":0,"menu_order":0,"comment_status":"closed","ping_status":"closed","template":"","meta":{"footnotes":""},"class_list":["post-73","page","type-page","status-publish","hentry"],"_links":{"self":[{"href":"https:\/\/esp.betavagas.com\/index.php?rest_route=\/wp\/v2\/pages\/73","targetHints":{"allow":["GET"]}}],"collection":[{"href":"https:\/\/esp.betavagas.com\/index.php?rest_route=\/wp\/v2\/pages"}],"about":[{"href":"https:\/\/esp.betavagas.com\/index.php?rest_route=\/wp\/v2\/types\/page"}],"author":[{"embeddable":true,"href":"https:\/\/esp.betavagas.com\/index.php?rest_route=\/wp\/v2\/users\/1"}],"replies":[{"embeddable":true,"href":"https:\/\/esp.betavagas.com\/index.php?rest_route=%2Fwp%2Fv2%2Fcomments&post=73"}],"version-history":[{"count":1,"href":"https:\/\/esp.betavagas.com\/index.php?rest_route=\/wp\/v2\/pages\/73\/revisions"}],"predecessor-version":[{"id":74,"href":"https:\/\/esp.betavagas.com\/index.php?rest_route=\/wp\/v2\/pages\/73\/revisions\/74"}],"wp:attachment":[{"href":"https:\/\/esp.betavagas.com\/index.php?rest_route=%2Fwp%2Fv2%2Fmedia&parent=73"}],"curies":[{"name":"wp","href":"https:\/\/api.w.org\/{rel}","templated":true}]}}